{"id":76,"date":"2025-12-19T20:17:13","date_gmt":"2025-12-19T19:17:13","guid":{"rendered":"https:\/\/urologe-jilg.at\/?page_id=76"},"modified":"2025-12-20T11:55:58","modified_gmt":"2025-12-20T10:55:58","slug":"impressum","status":"publish","type":"page","link":"https:\/\/urologe-jilg.at\/?page_id=76","title":{"rendered":"Impressum"},"content":{"rendered":"\n<p>Stadtgraben 19<br \/>6060\u00a0Hall in Tirol<br \/>+43 5223 5 44 88<br \/>ordination@urologe-jilg.at<\/p>\n\n<p>Vollst\u00e4ndiger Firmenname<\/p>\n\n<p>Dr. G\u00fcnter Jilg<br \/>Ort der Gewerbeberechtigung<br \/>Stadtgraben 19<br \/>6060 Hall in Tirol<br \/>\u00d6sterreich<\/p>\n\n<p>Rechtsform<br \/>Einzelunternehmen<br \/>Gesch\u00e4ftsf\u00fchrung\/Juristische Person<br \/>Dr. G\u00fcnter Jilg<\/p>\n\n<p>Zus\u00e4tzliche Informationspflicht<br \/>Fotografie: #52618888 \u2013 statue of David \u00a9 ermess<\/p>\n\n<p>Unternehmensgegenstand<\/p>\n\n<p>Praxis f\u00fcr Urologie<br \/>Kammer\/Berufsverband-Zugeh\u00f6rigkeit(en)<br \/>\u00c4rztekammer Tirol<br \/>Aufsichtsbeh\u00f6rde<br \/>\u00c4rztekammer Tirol<\/p>\n\n<p>Gewerbeordnung<\/p>\n\n<p>Anwendbare gewerbe- oder berufsrechtliche Vorschriften: Gewerbeordnung 1994, abrufbar unter\u00a0<a href=\"http:\/\/www.ris.bka.gv.at\/\">http:\/\/www.ris.bka.gv.at<\/a><\/p>\n","protected":false},"excerpt":{"rendered":"<p>Stadtgraben 196060\u00a0Hall in Tirol+43 5223 5 44 88ordination@urologe-jilg.at Vollst\u00e4ndiger Firmenname Dr. G\u00fcnter JilgOrt der GewerbeberechtigungStadtgraben 196060 Hall in Tirol\u00d6sterreich RechtsformEinzelunternehmenGesch\u00e4ftsf\u00fchrung\/Juristische PersonDr. G\u00fcnter Jilg Zus\u00e4tzliche InformationspflichtFotografie: #52618888 \u2013 statue of David \u00a9 ermess Unternehmensgegenstand Praxis f\u00fcr UrologieKammer\/Berufsverband-Zugeh\u00f6rigkeit(en)\u00c4rztekammer TirolAufsichtsbeh\u00f6rde\u00c4rztekammer Tirol Gewerbeordnung Anwendbare gewerbe- oder berufsrechtliche Vorschriften: Gewerbeordnung 1994, abrufbar unter\u00a0http:\/\/www.ris.bka.gv.at<\/p>\n","protected":false},"author":1,"featured_media":0,"parent":0,"menu_order":0,"comment_status":"closed","ping_status":"closed","template":"","meta":{"footnotes":""},"class_list":["post-76","page","type-page","status-publish","hentry"],"_links":{"self":[{"href":"https:\/\/urologe-jilg.at\/index.php?rest_route=\/wp\/v2\/pages\/76","targetHints":{"allow":["GET"]}}],"collection":[{"href":"https:\/\/urologe-jilg.at\/index.php?rest_route=\/wp\/v2\/pages"}],"about":[{"href":"https:\/\/urologe-jilg.at\/index.php?rest_route=\/wp\/v2\/types\/page"}],"author":[{"embeddable":true,"href":"https:\/\/urologe-jilg.at\/index.php?rest_route=\/wp\/v2\/users\/1"}],"replies":[{"embeddable":true,"href":"https:\/\/urologe-jilg.at\/index.php?rest_route=%2Fwp%2Fv2%2Fcomments&post=76"}],"version-history":[{"count":4,"href":"https:\/\/urologe-jilg.at\/index.php?rest_route=\/wp\/v2\/pages\/76\/revisions"}],"predecessor-version":[{"id":80,"href":"https:\/\/urologe-jilg.at\/index.php?rest_route=\/wp\/v2\/pages\/76\/revisions\/80"}],"wp:attachment":[{"href":"https:\/\/urologe-jilg.at\/index.php?rest_route=%2Fwp%2Fv2%2Fmedia&parent=76"}],"curies":[{"name":"wp","href":"https:\/\/api.w.org\/{rel}","templated":true}]}}