{"id":751,"date":"2025-12-23T16:24:53","date_gmt":"2025-12-23T15:24:53","guid":{"rendered":"https:\/\/urologe-jilg.at\/?page_id=751"},"modified":"2026-01-21T21:02:50","modified_gmt":"2026-01-21T20:02:50","slug":"homepage-dr-guenter-jilg","status":"publish","type":"page","link":"https:\/\/urologe-jilg.at\/","title":{"rendered":""},"content":{"rendered":"\t\t<div data-elementor-type=\"wp-post\" data-elementor-id=\"751\" class=\"elementor elementor-751\">\n\t\t\t\t<div class=\"elementor-element elementor-element-986200b e-flex e-con-boxed e-con e-parent\" data-id=\"986200b\" data-element_type=\"container\">\n\t\t\t\t\t<div class=\"e-con-inner\">\n\t\t\t\t<div class=\"elementor-element elementor-element-71b9d6b e-n-tabs-mobile elementor-widget elementor-widget-n-tabs\" data-id=\"71b9d6b\" data-element_type=\"widget\" data-settings=\"{&quot;horizontal_scroll&quot;:&quot;disable&quot;}\" data-widget_type=\"nested-tabs.default\">\n\t\t\t\t\t\t\t<div class=\"e-n-tabs\" data-widget-number=\"119250283\" aria-label=\"Tabs. Open items with Enter or Space, close with Escape and navigate using the Arrow keys.\">\n\t\t\t<div class=\"e-n-tabs-heading\" role=\"tablist\">\n\t\t\t\t\t<button id=\"e-n-tab-title-1192502831\" data-tab-title-id=\"e-n-tab-title-1192502831\" class=\"e-n-tab-title\" aria-selected=\"true\" data-tab-index=\"1\" role=\"tab\" tabindex=\"0\" aria-controls=\"e-n-tab-content-1192502831\" style=\"--n-tabs-title-order: 1;\">\n\t\t\t\t\t\t<span class=\"e-n-tab-title-text\">\n\t\t\t\tHome\t\t\t<\/span>\n\t\t<\/button>\n\t\t\t\t<button id=\"e-n-tab-title-1192502832\" data-tab-title-id=\"e-n-tab-title-1192502832\" class=\"e-n-tab-title\" aria-selected=\"false\" data-tab-index=\"2\" role=\"tab\" tabindex=\"-1\" aria-controls=\"e-n-tab-content-1192502832\" style=\"--n-tabs-title-order: 2;\">\n\t\t\t\t\t\t<span class=\"e-n-tab-title-text\">\n\t\t\t\tOrdination\t\t\t<\/span>\n\t\t<\/button>\n\t\t\t\t<button id=\"e-n-tab-title-1192502833\" data-tab-title-id=\"e-n-tab-title-1192502833\" class=\"e-n-tab-title\" aria-selected=\"false\" data-tab-index=\"3\" role=\"tab\" tabindex=\"-1\" aria-controls=\"e-n-tab-content-1192502833\" style=\"--n-tabs-title-order: 3;\">\n\t\t\t\t\t\t<span class=\"e-n-tab-title-text\">\n\t\t\t\tDr. G\u00fcnter Jilg\t\t\t<\/span>\n\t\t<\/button>\n\t\t\t\t<button id=\"e-n-tab-title-1192502834\" data-tab-title-id=\"e-n-tab-title-1192502834\" class=\"e-n-tab-title\" aria-selected=\"false\" data-tab-index=\"4\" role=\"tab\" tabindex=\"-1\" aria-controls=\"e-n-tab-content-1192502834\" style=\"--n-tabs-title-order: 4;\">\n\t\t\t\t\t\t<span class=\"e-n-tab-title-text\">\n\t\t\t\tLeistungsspektrum\t\t\t<\/span>\n\t\t<\/button>\n\t\t\t\t<button id=\"e-n-tab-title-1192502835\" data-tab-title-id=\"e-n-tab-title-1192502835\" class=\"e-n-tab-title\" aria-selected=\"false\" data-tab-index=\"5\" role=\"tab\" tabindex=\"-1\" aria-controls=\"e-n-tab-content-1192502835\" style=\"--n-tabs-title-order: 5;\">\n\t\t\t\t\t\t<span class=\"e-n-tab-title-text\">\n\t\t\t\tLage\/Kontakt\t\t\t<\/span>\n\t\t<\/button>\n\t\t\t\t\t<\/div>\n\t\t\t<div class=\"e-n-tabs-content\">\n\t\t\t\t<div id=\"e-n-tab-content-1192502831\" role=\"tabpanel\" aria-labelledby=\"e-n-tab-title-1192502831\" data-tab-index=\"1\" style=\"--n-tabs-title-order: 1;\" class=\"e-active elementor-element elementor-element-f731be3 e-con-full e-flex e-con e-child\" data-id=\"f731be3\" data-element_type=\"container\">\n\t\t\t\t<div class=\"elementor-element elementor-element-f2dd649 elementor-widget elementor-widget-spacer\" data-id=\"f2dd649\" data-element_type=\"widget\" data-widget_type=\"spacer.default\">\n\t\t\t\t\t\t\t<div class=\"elementor-spacer\">\n\t\t\t<div class=\"elementor-spacer-inner\"><\/div>\n\t\t<\/div>\n\t\t\t\t\t\t<\/div>\n\t\t\t\t<div class=\"elementor-element elementor-element-467f8eb elementor-widget elementor-widget-image\" data-id=\"467f8eb\" data-element_type=\"widget\" data-widget_type=\"image.default\">\n\t\t\t\t\t\t\t\t\t\t\t\t\t\t\t<img fetchpriority=\"high\" decoding=\"async\" width=\"800\" height=\"291\" src=\"https:\/\/urologe-jilg.at\/wp-content\/uploads\/2025\/12\/slide20-1024x373.jpg\" class=\"attachment-large size-large wp-image-717\" alt=\"\" srcset=\"https:\/\/urologe-jilg.at\/wp-content\/uploads\/2025\/12\/slide20-1024x373.jpg 1024w, https:\/\/urologe-jilg.at\/wp-content\/uploads\/2025\/12\/slide20-300x109.jpg 300w, https:\/\/urologe-jilg.at\/wp-content\/uploads\/2025\/12\/slide20-768x280.jpg 768w, https:\/\/urologe-jilg.at\/wp-content\/uploads\/2025\/12\/slide20-1536x560.jpg 1536w, https:\/\/urologe-jilg.at\/wp-content\/uploads\/2025\/12\/slide20.jpg 1920w\" sizes=\"(max-width: 800px) 100vw, 800px\" \/>\t\t\t\t\t\t\t\t\t\t\t\t\t\t\t<\/div>\n\t\t\t\t<div class=\"elementor-element elementor-element-cfeaf3f elementor-widget elementor-widget-text-editor\" data-id=\"cfeaf3f\" data-element_type=\"widget\" data-widget_type=\"text-editor.default\">\n\t\t\t\t\t\t\t\t\t<p>Wahlarztpraxis f\u00fcr Urologie Dr. G\u00fcnter Jilg<\/p><p>Wir bieten individuelle urologische Vorsorgeuntersuchungen f\u00fcr M\u00e4nner und Frauen in einer einladenden, vertraulichen Atmosph\u00e4re an.<\/p><ul><li>Moderne Diagnostik<\/li><li>minimal-invasive Therapien<\/li><li>auf Ihre Bed\u00fcrfnisse abgestimmte Vorsorge<\/li><\/ul>\t\t\t\t\t\t\t\t<\/div>\n\t\t\t\t<div class=\"elementor-element elementor-element-19ab06c elementor-widget elementor-widget-image\" data-id=\"19ab06c\" data-element_type=\"widget\" data-widget_type=\"image.default\">\n\t\t\t\t\t\t\t\t\t\t\t\t\t\t\t<img decoding=\"async\" width=\"512\" height=\"512\" src=\"https:\/\/urologe-jilg.at\/wp-content\/uploads\/2025\/12\/cropped-slide21.jpg\" class=\"attachment-large size-large wp-image-59\" alt=\"\" srcset=\"https:\/\/urologe-jilg.at\/wp-content\/uploads\/2025\/12\/cropped-slide21.jpg 512w, https:\/\/urologe-jilg.at\/wp-content\/uploads\/2025\/12\/cropped-slide21-300x300.jpg 300w, https:\/\/urologe-jilg.at\/wp-content\/uploads\/2025\/12\/cropped-slide21-150x150.jpg 150w, https:\/\/urologe-jilg.at\/wp-content\/uploads\/2025\/12\/cropped-slide21-270x270.jpg 270w, https:\/\/urologe-jilg.at\/wp-content\/uploads\/2025\/12\/cropped-slide21-192x192.jpg 192w, https:\/\/urologe-jilg.at\/wp-content\/uploads\/2025\/12\/cropped-slide21-180x180.jpg 180w, https:\/\/urologe-jilg.at\/wp-content\/uploads\/2025\/12\/cropped-slide21-32x32.jpg 32w\" sizes=\"(max-width: 512px) 100vw, 512px\" \/>\t\t\t\t\t\t\t\t\t\t\t\t\t\t\t<\/div>\n\t\t<div class=\"elementor-element elementor-element-b98491b e-flex e-con-boxed e-con e-child\" data-id=\"b98491b\" data-element_type=\"container\">\n\t\t\t\t\t<div class=\"e-con-inner\">\n\t\t\t\t\t<\/div>\n\t\t\t\t<\/div>\n\t\t\t\t<\/div>\n\t\t<div id=\"e-n-tab-content-1192502832\" role=\"tabpanel\" aria-labelledby=\"e-n-tab-title-1192502832\" data-tab-index=\"2\" style=\"--n-tabs-title-order: 2;\" class=\" elementor-element elementor-element-baed907 e-con-full e-flex e-con e-child\" data-id=\"baed907\" data-element_type=\"container\">\n\t\t\t\t<div class=\"elementor-element elementor-element-6c85abc elementor-widget__width-initial elementor-widget elementor-widget-text-editor\" data-id=\"6c85abc\" data-element_type=\"widget\" data-widget_type=\"text-editor.default\">\n\t\t\t\t\t\t\t\t\t<div id=\"m1758\" class=\"module text\"><h2 class=\"subtitle\">Adresse:<\/h2><p>Stadtgraben 19<br \/>6060 Hall i.T.<br \/>(im BTV-Haus, 2. Stock, Lift, stufenlos erreichbar)<\/p><p>PRIVAT<br \/>Belegbetten im Sanatorium Kettenbr\u00fccke<\/p><\/div><div id=\"m1758\" class=\"module text\"><h2 class=\"subtitle\">Ordinationszeiten:<\/h2><\/div><div id=\"m4496\" class=\"module openinghours\"><p class=\"day clear bodytext\"><span class=\"dayLabel\">Montag\u00a0<\/span><span class=\"ranges\">09:00 \u2013 13:00 und 14:00 \u2013 16:00<\/span><\/p><p class=\"day clear bodytext\"><span class=\"dayLabel\">Dienstag\u00a0<\/span><span class=\"ranges\">17:00 \u2013 19:00<\/span><\/p><p class=\"day clear bodytext\"><span class=\"dayLabel\">Mittwoch \u2013 Freitag\u00a0<\/span><span class=\"ranges\">09:00 \u2013 13:00<br \/>und nach Vereinbarung<br \/><\/span><\/p><p class=\"day clear bodytext\"><strong><span class=\"dayLabel\">Samstag \u2013 Sonntag\u00a0<\/span><span class=\"ranges\">geschlossen<\/span><\/strong><\/p><\/div><div id=\"m1755\" class=\"module text\"><p>Wir bitten um telefonische Terminvereinbarung unter: <a href=\"tel: +435223 5 44 88\">+435223 5 44 88<\/a><\/p><p>zu den folgenden Zeiten:<br \/>Mo, Mi, Do, Fr: 10:00 \u2013\u00a012:00 Uhr<\/p><p>oder per Mail unter:\u00a0<a href=\"mailto:termin@urologe-jilg.at\">termin@urologe-jilg.at<\/a><\/p><\/div>\t\t\t\t\t\t\t\t<\/div>\n\t\t\t\t<\/div>\n\t\t<div id=\"e-n-tab-content-1192502833\" role=\"tabpanel\" aria-labelledby=\"e-n-tab-title-1192502833\" data-tab-index=\"3\" style=\"--n-tabs-title-order: 3;\" class=\" elementor-element elementor-element-1a823ca e-con-full e-flex e-con e-child\" data-id=\"1a823ca\" data-element_type=\"container\">\n\t\t<div class=\"elementor-element elementor-element-fe1a800 e-con-full e-flex e-con e-child\" data-id=\"fe1a800\" data-element_type=\"container\">\n\t\t\t\t<div class=\"elementor-element elementor-element-eaaf62b elementor-widget elementor-widget-text-editor\" data-id=\"eaaf62b\" data-element_type=\"widget\" data-widget_type=\"text-editor.default\">\n\t\t\t\t\t\t\t\t\t<p>Ausbildung zum \u201cPRAKTISCHEN ARZT\u201d in den Krankenh\u00e4usern: Innsbruck, Hochzirl, PKH-Hall<br \/><br \/>Ausbildung zum \u201eFACHARZT F\u00dcR UROLOGIE\u201c in den Krankenh\u00e4usern: Klinik Innsbruck, LKH Salzburg, BKH \u2013 Hall i.T.<br \/><br \/>9 Jahre Oberarzt an der Abteilung f\u00fcr Urologie und Andrologie im\u00a0ehemaligen \u201eBezirkskrankenhaus Hall i.T.\u201c<br \/><br \/>Seit J\u00e4nner 2004 ausschlie\u00dflich als niedergelassener Facharzt f\u00fcr Urologie in Hall t\u00e4tig.<\/p>\t\t\t\t\t\t\t\t<\/div>\n\t\t\t\t<\/div>\n\t\t<div class=\"elementor-element elementor-element-610e5be e-con-full e-flex e-con e-child\" data-id=\"610e5be\" data-element_type=\"container\">\n\t\t\t\t<div class=\"elementor-element elementor-element-0e691bf elementor-widget elementor-widget-image\" data-id=\"0e691bf\" data-element_type=\"widget\" data-widget_type=\"image.default\">\n\t\t\t\t\t\t\t\t\t\t\t\t\t\t\t<img decoding=\"async\" width=\"800\" height=\"291\" src=\"https:\/\/urologe-jilg.at\/wp-content\/uploads\/2025\/12\/header91-1024x373.jpg\" class=\"attachment-large size-large wp-image-713\" alt=\"\" srcset=\"https:\/\/urologe-jilg.at\/wp-content\/uploads\/2025\/12\/header91-1024x373.jpg 1024w, https:\/\/urologe-jilg.at\/wp-content\/uploads\/2025\/12\/header91-300x109.jpg 300w, https:\/\/urologe-jilg.at\/wp-content\/uploads\/2025\/12\/header91-768x280.jpg 768w, https:\/\/urologe-jilg.at\/wp-content\/uploads\/2025\/12\/header91-1536x560.jpg 1536w, https:\/\/urologe-jilg.at\/wp-content\/uploads\/2025\/12\/header91.jpg 1920w\" sizes=\"(max-width: 800px) 100vw, 800px\" \/>\t\t\t\t\t\t\t\t\t\t\t\t\t\t\t<\/div>\n\t\t\t\t<\/div>\n\t\t\t\t<\/div>\n\t\t<div id=\"e-n-tab-content-1192502834\" role=\"tabpanel\" aria-labelledby=\"e-n-tab-title-1192502834\" data-tab-index=\"4\" style=\"--n-tabs-title-order: 4;\" class=\" elementor-element elementor-element-1ad3d4d e-flex e-con-boxed e-con e-child\" data-id=\"1ad3d4d\" data-element_type=\"container\">\n\t\t\t\t\t<div class=\"e-con-inner\">\n\t\t<div class=\"elementor-element elementor-element-e9524b5 e-con-full e-flex e-con e-child\" data-id=\"e9524b5\" data-element_type=\"container\">\n\t\t\t\t<div class=\"elementor-element elementor-element-9481d79 elementor-widget elementor-widget-text-editor\" data-id=\"9481d79\" data-element_type=\"widget\" data-widget_type=\"text-editor.default\">\n\t\t\t\t\t\t\t\t\t<div id=\"c1354\" class=\"col col-lg-6 col-md-6 col-sm-12 flexCol\"><div class=\"flexWrap\"><div id=\"m3550\" class=\"module text\"><h1 class=\"subtitle\">Urologische Vorsorgeuntersuchung<\/h1><h2 class=\"bodytext\">B\u00f6sartige Tumore (\u201eKrebs\u201c) im urologischen Bereich z\u00e4hlen zu den am h\u00e4ufigsten vorkommenden Krebserkrankungen.<\/h2><\/div><\/div><div id=\"m4239\" class=\"module autospacer\">\u00a0<\/div><\/div><div id=\"c3569\" class=\"col col-lg-6 col-md-6 col-sm-12 flexCol\"><div class=\"flexWrap\"><div id=\"m2359\" class=\"module text\"><p class=\"bodytext\">Dazu geh\u00f6ren vor allem Prostatakrebs (mit Abstand h\u00e4ufigste Krebserkrankung des Mannes \u2013 wichtigster Risikofaktor:\u00a0Prostatakrebs in der Familie),\u00a0<\/p><p class=\"bodytext\">Nierenkrebs (wichtigste Risikofaktoren: Nierenkrebs in der Familie, Rauchen, bestimmte Schmerzmedikamente),<\/p><p class=\"bodytext\">Blasenkrebs (hoher Risikofaktor Rauchen!),<\/p><p class=\"bodytext\">Hodenkrebs (h\u00e4ufigster solider Tumor (\u201eBlutkrebse\u201c sind h\u00e4ufiger) des jungen Mannes).<\/p><\/div><\/div><\/div>\t\t\t\t\t\t\t\t<\/div>\n\t\t\t\t<div class=\"elementor-element elementor-element-9ae881b elementor-widget elementor-widget-text-editor\" data-id=\"9ae881b\" data-element_type=\"widget\" data-widget_type=\"text-editor.default\">\n\t\t\t\t\t\t\t\t\t<div id=\"c1354\" class=\"col col-lg-6 col-md-6 col-sm-12 flexCol\"><div class=\"flexWrap\"><div id=\"m3550\" class=\"module text\"><h2 class=\"preamble\">Urologie der Frau<\/h2><p class=\"bodytext\">Abkl\u00e4rung und Behandlung von:<br \/><br \/>\u201eBlut im Harn\u201c<br \/>Entz\u00fcndungen von Blase, Niere<br \/>Steine (Niere \/ Harnleiter)<br \/>Tumore (Niere \/ Blase \u2013 Risikofaktor Rauchen!)<br \/>Unfreiwilliger Harnabgang (Inkontinenz)<br \/>Blasenentleerungsst\u00f6rungen (neurogen- und nicht neurogen bedingt)<\/p><\/div><\/div><\/div>\t\t\t\t\t\t\t\t<\/div>\n\t\t\t\t<div class=\"elementor-element elementor-element-b729afd elementor-widget elementor-widget-text-editor\" data-id=\"b729afd\" data-element_type=\"widget\" data-widget_type=\"text-editor.default\">\n\t\t\t\t\t\t\t\t\t<div id=\"c1354\" class=\"col col-lg-6 col-md-6 col-sm-12 flexCol\"><div class=\"flexWrap\"><div id=\"m3550\" class=\"module text\"><h2 class=\"preamble\">Urologie des Mannes<\/h2><p class=\"bodytext\">wie bei \u201eUrologie der Frau\u201c und zus\u00e4tzlich:<br \/><br \/>Entz\u00fcndungen \/ Erkrankungen (gut- und b\u00f6sartig) von:<br \/>Prostata<br \/>Harnr\u00f6hre<br \/>Hoden \/ Nebenhoden<br \/>Familienplanung: Kinderwunsch \/ Verh\u00fctung durch den Mann (Samenleiterdurchtrennung (Vasektomie))<br \/>Potenzst\u00f6rungen \/ Hormonelle St\u00f6rungen<\/p><\/div><\/div><\/div>\t\t\t\t\t\t\t\t<\/div>\n\t\t\t\t<div class=\"elementor-element elementor-element-5f3a145 elementor-widget elementor-widget-text-editor\" data-id=\"5f3a145\" data-element_type=\"widget\" data-widget_type=\"text-editor.default\">\n\t\t\t\t\t\t\t\t\t<div id=\"c1354\" class=\"col col-lg-6 col-md-6 col-sm-12 flexCol\"><div class=\"flexWrap\"><div id=\"m3550\" class=\"module text\"><h1 class=\"subtitle\">Eingriffe \u2013 Operationen<\/h1><h2 class=\"preamble\">In \u00f6rtlicher Bet\u00e4ubung in der Ordination:<br \/><br \/><\/h2><p class=\"bodytext\">\u201eSpiegelung\u201c von Harnr\u00f6hre und Blase bei Frau und Mann<br \/>Samenleiterdurchtrennung (Vasektomie)<br \/>Beschneidung<br \/>Entfernung von Condylomen, Atheromen<\/p><h3 class=\"preamble\"><br \/>Operationen in Narkose im Sanatorium Kettenbr\u00fccke<\/h3><\/div><\/div><\/div>\t\t\t\t\t\t\t\t<\/div>\n\t\t\t\t<div class=\"elementor-element elementor-element-31e1642 elementor-widget elementor-widget-text-editor\" data-id=\"31e1642\" data-element_type=\"widget\" data-widget_type=\"text-editor.default\">\n\t\t\t\t\t\t\t\t\t<div id=\"c1354\" class=\"col col-lg-6 col-md-6 col-sm-12 flexCol\"><div class=\"flexWrap\"><div id=\"m3550\" class=\"module text\"><h2 class=\"preamble\">Urologie des Kindes<\/h2><p class=\"bodytext\">Abkl\u00e4rung und Behandlung von:<br \/><br \/>Fehlbildungen<br \/>Harnwegsinfektionen<br \/>Hodenhochstand<br \/>Hodenverdrehungen (Torsion)<br \/>Vorhautenge (Phimose)<br \/>Bettn\u00e4ssen<br \/>Tumore<\/p><\/div><\/div><\/div>\t\t\t\t\t\t\t\t<\/div>\n\t\t\t\t<\/div>\n\t\t\t\t\t<\/div>\n\t\t\t\t<\/div>\n\t\t<div id=\"e-n-tab-content-1192502835\" role=\"tabpanel\" aria-labelledby=\"e-n-tab-title-1192502835\" data-tab-index=\"5\" style=\"--n-tabs-title-order: 5;\" class=\" elementor-element elementor-element-36c8916 e-flex e-con-boxed e-con e-child\" data-id=\"36c8916\" data-element_type=\"container\">\n\t\t\t\t\t<div class=\"e-con-inner\">\n\t\t<div class=\"elementor-element elementor-element-f19547d e-con-full e-flex e-con e-child\" data-id=\"f19547d\" data-element_type=\"container\">\n\t\t\t\t<div class=\"elementor-element elementor-element-5fcbb3c elementor-widget elementor-widget-text-editor\" data-id=\"5fcbb3c\" data-element_type=\"widget\" data-widget_type=\"text-editor.default\">\n\t\t\t\t\t\t\t\t\t<p class=\"bodytext\">Stadtgraben 19<br \/>6060 Hall in Tirol<br \/>Austria<\/p><p class=\"bodytext\">Tel.\u00a0<span data-global=\"phone\">+43 5223 5 44 88<br \/><\/span>Fax\u00a0<span data-global=\"phone\">+43 5223 5 44 88<\/span>\u00a04<\/p><p class=\"bodytext\"><a href=\"mailto:ordination@urologe-jilg.at\">ordination@urologe-jilg.at<\/a><\/p><p class=\"bodytext\">Kurzparkzone vor der T\u00fcre,\u00a0<\/p><p class=\"bodytext\">Parkgarage 150 m entfernt (Ausgang \u201eParkhotel\u201c)<\/p>\t\t\t\t\t\t\t\t<\/div>\n\t\t\t\t<div class=\"elementor-element elementor-element-a66ab28 elementor-widget elementor-widget-google_maps\" data-id=\"a66ab28\" data-element_type=\"widget\" data-widget_type=\"google_maps.default\">\n\t\t\t\t\t\t\t<div class=\"elementor-custom-embed\">\n\t\t\t<iframe loading=\"lazy\"\n\t\t\t\t\tsrc=\"https:\/\/maps.google.com\/maps?q=Stadtgraben%2019%2C%206060%20Hall%20in%20Tirol&#038;t=m&#038;z=17&#038;output=embed&#038;iwloc=near\"\n\t\t\t\t\ttitle=\"Stadtgraben 19, 6060 Hall in Tirol\"\n\t\t\t\t\taria-label=\"Stadtgraben 19, 6060 Hall in Tirol\"\n\t\t\t><\/iframe>\n\t\t<\/div>\n\t\t\t\t\t\t<\/div>\n\t\t\t\t<div class=\"elementor-element elementor-element-2195e04 elementor-widget elementor-widget-image\" data-id=\"2195e04\" data-element_type=\"widget\" data-widget_type=\"image.default\">\n\t\t\t\t\t\t\t\t\t\t\t\t\t\t\t<img loading=\"lazy\" decoding=\"async\" width=\"800\" height=\"291\" src=\"https:\/\/urologe-jilg.at\/wp-content\/uploads\/2025\/12\/Eingang-1024x373.jpg\" class=\"attachment-large size-large wp-image-36\" alt=\"\" srcset=\"https:\/\/urologe-jilg.at\/wp-content\/uploads\/2025\/12\/Eingang-1024x373.jpg 1024w, https:\/\/urologe-jilg.at\/wp-content\/uploads\/2025\/12\/Eingang-300x109.jpg 300w, https:\/\/urologe-jilg.at\/wp-content\/uploads\/2025\/12\/Eingang-768x280.jpg 768w, https:\/\/urologe-jilg.at\/wp-content\/uploads\/2025\/12\/Eingang-1536x560.jpg 1536w, https:\/\/urologe-jilg.at\/wp-content\/uploads\/2025\/12\/Eingang.jpg 1920w\" sizes=\"(max-width: 800px) 100vw, 800px\" \/>\t\t\t\t\t\t\t\t\t\t\t\t\t\t\t<\/div>\n\t\t\t\t<\/div>\n\t\t\t\t\t<\/div>\n\t\t\t\t<\/div>\n\t\t\t\t\t<\/div>\n\t\t<\/div>\n\t\t\t\t\t\t<\/div>\n\t\t\t\t\t<\/div>\n\t\t\t\t<\/div>\n\t\t<div class=\"elementor-element elementor-element-a89017f e-flex e-con-boxed e-con e-parent\" data-id=\"a89017f\" data-element_type=\"container\">\n\t\t\t\t\t<div class=\"e-con-inner\">\n\t\t\t\t<div class=\"elementor-element elementor-element-b20a9c7 elementor-widget elementor-widget-text-editor\" data-id=\"b20a9c7\" data-element_type=\"widget\" data-widget_type=\"text-editor.default\">\n\t\t\t\t\t\t\t\t\t<p style=\"text-align: right;\"><a href=\"https:\/\/urologe-jilg.at\/?page_id=76\">Impressum<\/a><\/p><p style=\"text-align: right;\"><a href=\"https:\/\/urologe-jilg.at\/?page_id=83\">Haftungsausschluss<\/a><\/p>\t\t\t\t\t\t\t\t<\/div>\n\t\t\t\t\t<\/div>\n\t\t\t\t<\/div>\n\t\t\t\t<\/div>\n\t\t","protected":false},"excerpt":{"rendered":"<p>Home Ordination Dr. G\u00fcnter Jilg Leistungsspektrum Lage\/Kontakt Wahlarztpraxis f\u00fcr Urologie Dr. G\u00fcnter Jilg Wir bieten individuelle urologische Vorsorgeuntersuchungen f\u00fcr M\u00e4nner und Frauen in einer einladenden, vertraulichen Atmosph\u00e4re an. Moderne Diagnostik minimal-invasive Therapien auf Ihre Bed\u00fcrfnisse abgestimmte Vorsorge Adresse: Stadtgraben 196060 Hall i.T.(im BTV-Haus, 2. Stock, Lift, stufenlos erreichbar) PRIVATBelegbetten im Sanatorium Kettenbr\u00fccke Ordinationszeiten: Montag\u00a009:00 \u2013 [&hellip;]<\/p>\n","protected":false},"author":1,"featured_media":0,"parent":0,"menu_order":0,"comment_status":"closed","ping_status":"closed","template":"","meta":{"footnotes":""},"class_list":["post-751","page","type-page","status-publish","hentry"],"_links":{"self":[{"href":"https:\/\/urologe-jilg.at\/index.php?rest_route=\/wp\/v2\/pages\/751","targetHints":{"allow":["GET"]}}],"collection":[{"href":"https:\/\/urologe-jilg.at\/index.php?rest_route=\/wp\/v2\/pages"}],"about":[{"href":"https:\/\/urologe-jilg.at\/index.php?rest_route=\/wp\/v2\/types\/page"}],"author":[{"embeddable":true,"href":"https:\/\/urologe-jilg.at\/index.php?rest_route=\/wp\/v2\/users\/1"}],"replies":[{"embeddable":true,"href":"https:\/\/urologe-jilg.at\/index.php?rest_route=%2Fwp%2Fv2%2Fcomments&post=751"}],"version-history":[{"count":74,"href":"https:\/\/urologe-jilg.at\/index.php?rest_route=\/wp\/v2\/pages\/751\/revisions"}],"predecessor-version":[{"id":838,"href":"https:\/\/urologe-jilg.at\/index.php?rest_route=\/wp\/v2\/pages\/751\/revisions\/838"}],"wp:attachment":[{"href":"https:\/\/urologe-jilg.at\/index.php?rest_route=%2Fwp%2Fv2%2Fmedia&parent=751"}],"curies":[{"name":"wp","href":"https:\/\/api.w.org\/{rel}","templated":true}]}}